{"id":1626,"date":"2024-08-08T15:46:30","date_gmt":"2024-08-08T13:46:30","guid":{"rendered":"https:\/\/polishcraftbeer.es\/?post_type=product&#038;p=1626"},"modified":"2024-08-08T15:46:30","modified_gmt":"2024-08-08T13:46:30","slug":"refresco-soda-f-antonica-33cl","status":"publish","type":"product","link":"https:\/\/polishcraftbeer.es\/?product=refresco-soda-f-antonica-33cl","title":{"rendered":"Refresco Soda F. AnTonica 33cl"},"content":{"rendered":"<p><span class=\"OYPEnA font-feature-liga-off font-feature-clig-off font-feature-calt-off text-decoration-none text-strikethrough-none\">gua t\u00f3nica con quinina y azahar. 100% extractos de origen natural. Con edulcorantes. Contiene Quinina. Ingredientes: Agua, Az\u00facar, Anh\u00eddrido Carb\u00f3nico, Acidificante (\u00c1cido C\u00edtrico) Aromas (Infusi\u00f3n de cortezas de Quino y extracto de origen natural de azahar), Conservante (Benzoato de Sodio, Cloruro de quinina), Edulcorante (Sucralosa).<\/span><\/p>\n","protected":false},"excerpt":{"rendered":"<p>gua t\u00f3nica con quinina y azahar. 100% extractos de origen natural. Con edulcorantes. Contiene Quinina. Ingredientes: Agua, Az\u00facar, Anh\u00eddrido Carb\u00f3nico, Acidificante (\u00c1cido C\u00edtrico) Aromas (Infusi\u00f3n de cortezas de Quino y extracto de origen natural de azahar), Conservante (Benzoato de Sodio, Cloruro de quinina), Edulcorante (Sucralosa).<\/p>\n","protected":false},"featured_media":1618,"comment_status":"open","ping_status":"closed","template":"","meta":{"_monsterinsights_skip_tracking":false,"_monsterinsights_sitenote_active":false,"_monsterinsights_sitenote_note":"","_monsterinsights_sitenote_category":0,"_kad_post_transparent":"default","_kad_post_title":"","_kad_post_layout":"default","_kad_post_sidebar_id":"","_kad_post_content_style":"default","_kad_post_vertical_padding":"default","_kad_post_feature":"","_kad_post_feature_position":"","_kad_post_header":false,"_kad_post_footer":false},"product_cat":[93],"product_tag":[],"_links":{"self":[{"href":"https:\/\/polishcraftbeer.es\/index.php?rest_route=\/wp\/v2\/product\/1626"}],"collection":[{"href":"https:\/\/polishcraftbeer.es\/index.php?rest_route=\/wp\/v2\/product"}],"about":[{"href":"https:\/\/polishcraftbeer.es\/index.php?rest_route=\/wp\/v2\/types\/product"}],"replies":[{"embeddable":true,"href":"https:\/\/polishcraftbeer.es\/index.php?rest_route=%2Fwp%2Fv2%2Fcomments&post=1626"}],"wp:featuredmedia":[{"embeddable":true,"href":"https:\/\/polishcraftbeer.es\/index.php?rest_route=\/wp\/v2\/media\/1618"}],"wp:attachment":[{"href":"https:\/\/polishcraftbeer.es\/index.php?rest_route=%2Fwp%2Fv2%2Fmedia&parent=1626"}],"wp:term":[{"taxonomy":"product_cat","embeddable":true,"href":"https:\/\/polishcraftbeer.es\/index.php?rest_route=%2Fwp%2Fv2%2Fproduct_cat&post=1626"},{"taxonomy":"product_tag","embeddable":true,"href":"https:\/\/polishcraftbeer.es\/index.php?rest_route=%2Fwp%2Fv2%2Fproduct_tag&post=1626"}],"curies":[{"name":"wp","href":"https:\/\/api.w.org\/{rel}","templated":true}]}}