{"id":1625,"date":"2024-08-08T15:45:47","date_gmt":"2024-08-08T13:45:47","guid":{"rendered":"https:\/\/polishcraftbeer.es\/?post_type=product&#038;p=1625"},"modified":"2024-08-08T15:45:47","modified_gmt":"2024-08-08T13:45:47","slug":"refresco-soda-f-sr-nuez-33cl","status":"publish","type":"product","link":"https:\/\/polishcraftbeer.es\/?product=refresco-soda-f-sr-nuez-33cl","title":{"rendered":"Refresco Soda F. Sr Nuez 33cl"},"content":{"rendered":"<p class=\"cvGsUA direction-ltr align-center para-style-body\"><span class=\"OYPEnA font-feature-liga-off font-feature-clig-off font-feature-calt-off text-decoration-none text-strikethrough-none\">Refresco de cola bajo en calor\u00edas con un toque de lim\u00f3n, caf\u00e9 y nuez de cola. 100% extractos de origen natural<\/span><span class=\"OYPEnA font-feature-liga-off font-feature-clig-off font-feature-calt-off text-decoration-none text-strikethrough-none\">. Con edulcorantes. Ingredientes: Agua carbonatada, jarabe de az\u00facar de caramelo natural, zumo de lim\u00f3n concentrado, aromas naturales (especias, caf\u00e9 y c\u00edtricos), extracto de nuez de cola, acidulante (\u00e1cido c\u00edtrico), edulcorante (sucralosa). Contenido de fruta: 3%.<\/span><\/p>\n","protected":false},"excerpt":{"rendered":"<p>Refresco de cola bajo en calor\u00edas con un toque de lim\u00f3n, caf\u00e9 y nuez de cola. 100% extractos de origen natural. Con edulcorantes. Ingredientes: Agua carbonatada, jarabe de az\u00facar de caramelo natural, zumo de lim\u00f3n concentrado, aromas naturales (especias, caf\u00e9 y c\u00edtricos), extracto de nuez de cola, acidulante (\u00e1cido c\u00edtrico), edulcorante (sucralosa). Contenido de fruta:&#8230;<\/p>\n","protected":false},"featured_media":1619,"comment_status":"open","ping_status":"closed","template":"","meta":{"_monsterinsights_skip_tracking":false,"_monsterinsights_sitenote_active":false,"_monsterinsights_sitenote_note":"","_monsterinsights_sitenote_category":0,"_kad_post_transparent":"default","_kad_post_title":"","_kad_post_layout":"default","_kad_post_sidebar_id":"","_kad_post_content_style":"default","_kad_post_vertical_padding":"default","_kad_post_feature":"","_kad_post_feature_position":"","_kad_post_header":false,"_kad_post_footer":false},"product_cat":[93],"product_tag":[],"_links":{"self":[{"href":"https:\/\/polishcraftbeer.es\/index.php?rest_route=\/wp\/v2\/product\/1625"}],"collection":[{"href":"https:\/\/polishcraftbeer.es\/index.php?rest_route=\/wp\/v2\/product"}],"about":[{"href":"https:\/\/polishcraftbeer.es\/index.php?rest_route=\/wp\/v2\/types\/product"}],"replies":[{"embeddable":true,"href":"https:\/\/polishcraftbeer.es\/index.php?rest_route=%2Fwp%2Fv2%2Fcomments&post=1625"}],"wp:featuredmedia":[{"embeddable":true,"href":"https:\/\/polishcraftbeer.es\/index.php?rest_route=\/wp\/v2\/media\/1619"}],"wp:attachment":[{"href":"https:\/\/polishcraftbeer.es\/index.php?rest_route=%2Fwp%2Fv2%2Fmedia&parent=1625"}],"wp:term":[{"taxonomy":"product_cat","embeddable":true,"href":"https:\/\/polishcraftbeer.es\/index.php?rest_route=%2Fwp%2Fv2%2Fproduct_cat&post=1625"},{"taxonomy":"product_tag","embeddable":true,"href":"https:\/\/polishcraftbeer.es\/index.php?rest_route=%2Fwp%2Fv2%2Fproduct_tag&post=1625"}],"curies":[{"name":"wp","href":"https:\/\/api.w.org\/{rel}","templated":true}]}}