{"id":1624,"date":"2024-08-08T15:44:35","date_gmt":"2024-08-08T13:44:35","guid":{"rendered":"https:\/\/polishcraftbeer.es\/?post_type=product&#038;p=1624"},"modified":"2024-08-08T15:44:35","modified_gmt":"2024-08-08T13:44:35","slug":"refresco-soda-f-citrico-montoy-33cl","status":"publish","type":"product","link":"https:\/\/polishcraftbeer.es\/?product=refresco-soda-f-citrico-montoy-33cl","title":{"rendered":"Refresco Soda F. Ci\u0301trico Montoy 33cl"},"content":{"rendered":"<p><span class=\"OYPEnA font-feature-liga-off font-feature-clig-off font-feature-calt-off text-decoration-none text-strikethrough-none\">Refresco de lim\u00f3n y naranja con un toque de menta y jengibre. 100% extractos de origen natural. Con edulcorantes. Ingredientes: Agua carbonatada, zumo de lim\u00f3n concentrado, extracto de lim\u00f3n y naranja, zumo de naranja concentrado, aroma c\u00edtrico natural con otros aromas naturales (menta y jengibre), estabilizador (goma garrofin) conservante (sorbato pot\u00e1sico), edulcorante (sucralosa). Contenido de fruta: 8% (7% lim\u00f3n, 1% naranja).<\/span><\/p>\n","protected":false},"excerpt":{"rendered":"<p>Refresco de lim\u00f3n y naranja con un toque de menta y jengibre. 100% extractos de origen natural. Con edulcorantes. Ingredientes: Agua carbonatada, zumo de lim\u00f3n concentrado, extracto de lim\u00f3n y naranja, zumo de naranja concentrado, aroma c\u00edtrico natural con otros aromas naturales (menta y jengibre), estabilizador (goma garrofin) conservante (sorbato pot\u00e1sico), edulcorante (sucralosa). Contenido de&#8230;<\/p>\n","protected":false},"featured_media":1620,"comment_status":"open","ping_status":"closed","template":"","meta":{"_monsterinsights_skip_tracking":false,"_monsterinsights_sitenote_active":false,"_monsterinsights_sitenote_note":"","_monsterinsights_sitenote_category":0,"_kad_post_transparent":"default","_kad_post_title":"","_kad_post_layout":"default","_kad_post_sidebar_id":"","_kad_post_content_style":"default","_kad_post_vertical_padding":"default","_kad_post_feature":"","_kad_post_feature_position":"","_kad_post_header":false,"_kad_post_footer":false},"product_cat":[93],"product_tag":[],"_links":{"self":[{"href":"https:\/\/polishcraftbeer.es\/index.php?rest_route=\/wp\/v2\/product\/1624"}],"collection":[{"href":"https:\/\/polishcraftbeer.es\/index.php?rest_route=\/wp\/v2\/product"}],"about":[{"href":"https:\/\/polishcraftbeer.es\/index.php?rest_route=\/wp\/v2\/types\/product"}],"replies":[{"embeddable":true,"href":"https:\/\/polishcraftbeer.es\/index.php?rest_route=%2Fwp%2Fv2%2Fcomments&post=1624"}],"wp:featuredmedia":[{"embeddable":true,"href":"https:\/\/polishcraftbeer.es\/index.php?rest_route=\/wp\/v2\/media\/1620"}],"wp:attachment":[{"href":"https:\/\/polishcraftbeer.es\/index.php?rest_route=%2Fwp%2Fv2%2Fmedia&parent=1624"}],"wp:term":[{"taxonomy":"product_cat","embeddable":true,"href":"https:\/\/polishcraftbeer.es\/index.php?rest_route=%2Fwp%2Fv2%2Fproduct_cat&post=1624"},{"taxonomy":"product_tag","embeddable":true,"href":"https:\/\/polishcraftbeer.es\/index.php?rest_route=%2Fwp%2Fv2%2Fproduct_tag&post=1624"}],"curies":[{"name":"wp","href":"https:\/\/api.w.org\/{rel}","templated":true}]}}