{"id":1616,"date":"2024-08-08T15:42:37","date_gmt":"2024-08-08T13:42:37","guid":{"rendered":"https:\/\/polishcraftbeer.es\/?post_type=product&#038;p=1616"},"modified":"2024-08-08T15:42:38","modified_gmt":"2024-08-08T13:42:38","slug":"refresco-soda-f-lupulo-augusto-33cl","status":"publish","type":"product","link":"https:\/\/polishcraftbeer.es\/?product=refresco-soda-f-lupulo-augusto-33cl","title":{"rendered":"Refresco Soda F. Lu\u0301pulo Augusto 33cl"},"content":{"rendered":"<p><span class=\"OYPEnA font-feature-liga-off font-feature-clig-off font-feature-calt-off text-decoration-none text-strikethrough-none\">Agua t\u00f3nica con l\u00fapulo y qu\u00ednina. 100% extractos de origen natural. BEBIDA REFRESCANTE DE EXTRACTOS. Contiene Quinina. Ingredientes: Agua carbonatada, Az\u00facar, Acidificante (\u00c1cido C\u00edtrico), Aromas Naturales y Extracto de Corteza de quino, L\u00fapulo y Extracto de azahar, Conservante (Benzoato de Sodio,Cloruro de quina).<\/span><\/p>\n","protected":false},"excerpt":{"rendered":"<p>Agua t\u00f3nica con l\u00fapulo y qu\u00ednina. 100% extractos de origen natural. BEBIDA REFRESCANTE DE EXTRACTOS. Contiene Quinina. Ingredientes: Agua carbonatada, Az\u00facar, Acidificante (\u00c1cido C\u00edtrico), Aromas Naturales y Extracto de Corteza de quino, L\u00fapulo y Extracto de azahar, Conservante (Benzoato de Sodio,Cloruro de quina).<\/p>\n","protected":false},"featured_media":1622,"comment_status":"open","ping_status":"closed","template":"","meta":{"_monsterinsights_skip_tracking":false,"_monsterinsights_sitenote_active":false,"_monsterinsights_sitenote_note":"","_monsterinsights_sitenote_category":0,"_kad_post_transparent":"default","_kad_post_title":"","_kad_post_layout":"default","_kad_post_sidebar_id":"","_kad_post_content_style":"default","_kad_post_vertical_padding":"default","_kad_post_feature":"","_kad_post_feature_position":"","_kad_post_header":false,"_kad_post_footer":false},"product_cat":[93],"product_tag":[],"_links":{"self":[{"href":"https:\/\/polishcraftbeer.es\/index.php?rest_route=\/wp\/v2\/product\/1616"}],"collection":[{"href":"https:\/\/polishcraftbeer.es\/index.php?rest_route=\/wp\/v2\/product"}],"about":[{"href":"https:\/\/polishcraftbeer.es\/index.php?rest_route=\/wp\/v2\/types\/product"}],"replies":[{"embeddable":true,"href":"https:\/\/polishcraftbeer.es\/index.php?rest_route=%2Fwp%2Fv2%2Fcomments&post=1616"}],"wp:featuredmedia":[{"embeddable":true,"href":"https:\/\/polishcraftbeer.es\/index.php?rest_route=\/wp\/v2\/media\/1622"}],"wp:attachment":[{"href":"https:\/\/polishcraftbeer.es\/index.php?rest_route=%2Fwp%2Fv2%2Fmedia&parent=1616"}],"wp:term":[{"taxonomy":"product_cat","embeddable":true,"href":"https:\/\/polishcraftbeer.es\/index.php?rest_route=%2Fwp%2Fv2%2Fproduct_cat&post=1616"},{"taxonomy":"product_tag","embeddable":true,"href":"https:\/\/polishcraftbeer.es\/index.php?rest_route=%2Fwp%2Fv2%2Fproduct_tag&post=1616"}],"curies":[{"name":"wp","href":"https:\/\/api.w.org\/{rel}","templated":true}]}}