{"id":1574,"date":"2024-07-09T20:52:10","date_gmt":"2024-07-09T18:52:10","guid":{"rendered":"https:\/\/polishcraftbeer.es\/?post_type=product&#038;p=1574"},"modified":"2024-08-21T13:24:22","modified_gmt":"2024-08-21T11:24:22","slug":"nepo-warsaw-jungle-massive-wcipa-500ml-2","status":"publish","type":"product","link":"https:\/\/polishcraftbeer.es\/?product=nepo-warsaw-jungle-massive-wcipa-500ml-2","title":{"rendered":"Nepo Warsaw Jungle Massive WCIPA 500ml"},"content":{"rendered":"<p><span class=\"OYPEnA text-decoration-none text-strikethrough-none\">Forest West Coast IPA Amora Preta, Ksi\u0105\u017c\u0119cy, Zombie<\/span><\/p>\n<p>6.3%ABV<\/p>\n","protected":false},"excerpt":{"rendered":"<p>Forest West Coast IPA Amora Preta, Ksi\u0105\u017c\u0119cy, Zombie 6.3%ABV<\/p>\n","protected":false},"featured_media":1449,"comment_status":"open","ping_status":"closed","template":"","meta":{"_monsterinsights_skip_tracking":false,"_monsterinsights_sitenote_active":false,"_monsterinsights_sitenote_note":"","_monsterinsights_sitenote_category":0,"_kad_post_transparent":"default","_kad_post_title":"","_kad_post_layout":"default","_kad_post_sidebar_id":"","_kad_post_content_style":"default","_kad_post_vertical_padding":"default","_kad_post_feature":"","_kad_post_feature_position":"","_kad_post_header":false,"_kad_post_footer":false},"product_cat":[28],"product_tag":[],"_links":{"self":[{"href":"https:\/\/polishcraftbeer.es\/index.php?rest_route=\/wp\/v2\/product\/1574"}],"collection":[{"href":"https:\/\/polishcraftbeer.es\/index.php?rest_route=\/wp\/v2\/product"}],"about":[{"href":"https:\/\/polishcraftbeer.es\/index.php?rest_route=\/wp\/v2\/types\/product"}],"replies":[{"embeddable":true,"href":"https:\/\/polishcraftbeer.es\/index.php?rest_route=%2Fwp%2Fv2%2Fcomments&post=1574"}],"wp:featuredmedia":[{"embeddable":true,"href":"https:\/\/polishcraftbeer.es\/index.php?rest_route=\/wp\/v2\/media\/1449"}],"wp:attachment":[{"href":"https:\/\/polishcraftbeer.es\/index.php?rest_route=%2Fwp%2Fv2%2Fmedia&parent=1574"}],"wp:term":[{"taxonomy":"product_cat","embeddable":true,"href":"https:\/\/polishcraftbeer.es\/index.php?rest_route=%2Fwp%2Fv2%2Fproduct_cat&post=1574"},{"taxonomy":"product_tag","embeddable":true,"href":"https:\/\/polishcraftbeer.es\/index.php?rest_route=%2Fwp%2Fv2%2Fproduct_tag&post=1574"}],"curies":[{"name":"wp","href":"https:\/\/api.w.org\/{rel}","templated":true}]}}